{"id":4659,"date":"2023-12-12T07:36:02","date_gmt":"2023-12-12T07:36:02","guid":{"rendered":"https:\/\/aedesarrollo.com\/contact\/"},"modified":"2025-10-29T12:43:39","modified_gmt":"2025-10-29T12:43:39","slug":"contact","status":"publish","type":"page","link":"https:\/\/aedesarrollo.com\/en\/contact\/","title":{"rendered":"Contact"},"content":{"rendered":"\t\t<div data-elementor-type=\"wp-page\" data-elementor-id=\"4659\" class=\"elementor elementor-4659 elementor-3467\">\n\t\t\t\t<div class=\"elementor-element elementor-element-01e2a2f e-con-full e-flex parallax_section_no qode_elementor_container_no e-con e-parent\" data-id=\"01e2a2f\" data-element_type=\"container\">\n\t\t\t\t<div class=\"elementor-element elementor-element-ebb6ba9 elementor-widget elementor-widget-google_maps\" data-id=\"ebb6ba9\" data-element_type=\"widget\" data-widget_type=\"google_maps.default\">\n\t\t\t\t<div class=\"elementor-widget-container\">\n\t\t\t\t\t\t\t<div class=\"elementor-custom-embed\">\n\t\t\t<iframe loading=\"lazy\"\n\t\t\t\t\tsrc=\"https:\/\/maps.google.com\/maps?q=Calle%20Llu%C3%ADs%20Companys%201%20Planta%205%2A%20puerta%201a%2025003%20L%C3%A9rida&#038;t=m&#038;z=15&#038;output=embed&#038;iwloc=near\"\n\t\t\t\t\ttitle=\"Calle Llu\u00eds Companys 1 Planta 5* puerta 1a 25003 L\u00e9rida\"\n\t\t\t\t\taria-label=\"Calle Llu\u00eds Companys 1 Planta 5* puerta 1a 25003 L\u00e9rida\"\n\t\t\t><\/iframe>\n\t\t<\/div>\n\t\t\t\t\t\t<\/div>\n\t\t\t\t<\/div>\n\t\t\t\t<\/div>\n\t\t<div class=\"elementor-element elementor-element-bcf1536 e-con-full qode_elementor_container_inner e-flex parallax_section_no e-con e-parent\" data-id=\"bcf1536\" data-element_type=\"container\">\n\t\t<div class=\"elementor-element elementor-element-6869d3a e-con-full e-flex parallax_section_no qode_elementor_container_no e-con e-child\" data-id=\"6869d3a\" data-element_type=\"container\">\n\t\t\t\t<div class=\"elementor-element elementor-element-dae6b81 elementor-widget__width-initial elementor-widget-mobile__width-inherit elementor-widget elementor-widget-text-editor\" data-id=\"dae6b81\" data-element_type=\"widget\" data-widget_type=\"text-editor.default\">\n\t\t\t\t<div class=\"elementor-widget-container\">\n\t\t\t\t\t\t\t\t\t<h2 class=\"edgtf-st-title\">CONTACT US<\/h2>\t\t\t\t\t\t\t\t<\/div>\n\t\t\t\t<\/div>\n\t\t\t\t<\/div>\n\t\t\t\t<\/div>\n\t\t<div class=\"elementor-element elementor-element-845c3f6 e-con-full qode_elementor_container_inner e-flex parallax_section_no e-con e-parent\" data-id=\"845c3f6\" data-element_type=\"container\">\n\t\t<div class=\"elementor-element elementor-element-bbe444e e-con-full e-flex parallax_section_no qode_elementor_container_no e-con e-child\" data-id=\"bbe444e\" data-element_type=\"container\">\n\t\t\t\t<div class=\"elementor-element elementor-element-ed99256 elementor-widget elementor-widget-text-editor\" data-id=\"ed99256\" data-element_type=\"widget\" data-widget_type=\"text-editor.default\">\n\t\t\t\t<div class=\"elementor-widget-container\">\n\t\t\t\t\t\t\t\t\t<div class=\"edgtf-section-title-holder edgtf-st-standard edgtf-st-title-left edgtf-st-normal-space edgtf-st-disable-title-break\"><div class=\"edgtf-st-inner\"><h4 class=\"edgtf-st-title\">CONTACT<\/h4><\/div><\/div>\t\t\t\t\t\t\t\t<\/div>\n\t\t\t\t<\/div>\n\t\t\t\t<div class=\"elementor-element elementor-element-f26f19c elementor-widget elementor-widget-bridge_cf_7\" data-id=\"f26f19c\" data-element_type=\"widget\" data-widget_type=\"bridge_cf_7.default\">\n\t\t\t\t<div class=\"elementor-widget-container\">\n\t\t\t\t\t    <div class=\"qode-contact-form-7 qode-contact-form-7-0\">\n    \n<div class=\"wpcf7 no-js\" id=\"wpcf7-f7380-o1\" lang=\"es-ES\" dir=\"ltr\" data-wpcf7-id=\"7380\">\n<div class=\"screen-reader-response\"><p role=\"status\" aria-live=\"polite\" aria-atomic=\"true\"><\/p> <ul><\/ul><\/div>\n<form action=\"\/en\/wp-json\/wp\/v2\/pages\/4659#wpcf7-f7380-o1\" method=\"post\" class=\"wpcf7-form init cf7_custom_style_1\" aria-label=\"Formulario de contacto\" novalidate=\"novalidate\" data-status=\"init\">\n<fieldset class=\"hidden-fields-container\"><input type=\"hidden\" name=\"_wpcf7\" value=\"7380\" \/><input type=\"hidden\" name=\"_wpcf7_version\" value=\"6.1.3\" \/><input type=\"hidden\" name=\"_wpcf7_locale\" value=\"es_ES\" \/><input type=\"hidden\" name=\"_wpcf7_unit_tag\" value=\"wpcf7-f7380-o1\" \/><input type=\"hidden\" name=\"_wpcf7_container_post\" value=\"0\" \/><input type=\"hidden\" name=\"_wpcf7_posted_data_hash\" value=\"\" \/><input type=\"hidden\" name=\"_wpcf7_recaptcha_response\" value=\"\" \/>\n<\/fieldset>\n<div><span class=\"wpcf7-form-control-wrap\" data-name=\"text-391\"><input size=\"40\" maxlength=\"400\" class=\"wpcf7-form-control wpcf7-text\" aria-invalid=\"false\" value=\"Nombre\" type=\"text\" name=\"text-391\" \/><\/span><\/div>\n<div><span class=\"wpcf7-form-control-wrap\" data-name=\"email-994\"><input size=\"40\" maxlength=\"400\" class=\"wpcf7-form-control wpcf7-email wpcf7-text wpcf7-validates-as-email\" aria-invalid=\"false\" value=\"email\" type=\"email\" name=\"email-994\" \/><\/span><\/div>\n<div><span class=\"wpcf7-form-control-wrap\" data-name=\"your-subject\"><input size=\"40\" maxlength=\"400\" class=\"wpcf7-form-control wpcf7-text\" aria-invalid=\"false\" value=\"asunto\" type=\"text\" name=\"your-subject\" \/><\/span><\/div>\n<div><span class=\"wpcf7-form-control-wrap\" data-name=\"textarea-224\"><textarea cols=\"40\" rows=\"10\" maxlength=\"2000\" class=\"wpcf7-form-control wpcf7-textarea\" aria-invalid=\"false\" name=\"textarea-224\">Mensaje<\/textarea><\/span><\/div>\n<span class=\"wpcf7-form-control-wrap\" data-name=\"acceptance-142\"><span class=\"wpcf7-form-control wpcf7-acceptance\"><span class=\"wpcf7-list-item\"><label><input type=\"checkbox\" name=\"acceptance-142\" value=\"1\" aria-invalid=\"false\" \/><span class=\"wpcf7-list-item-label\">Acepto la <a href=\"https:\/\/aedesarrollo.com\/politica-de-privacidad\/\" target=\"blank\">pol\u00edtica de protecci\u00f3n de datos y privacidad <\/a><\/span><\/label><\/span><\/span><\/span>\n<span class=\"wpcf7-form-control-wrap\" data-name=\"acceptance-451\"><span class=\"wpcf7-form-control wpcf7-acceptance\"><span class=\"wpcf7-list-item\"><label><input type=\"checkbox\" name=\"acceptance-451\" value=\"1\" aria-invalid=\"false\" \/><span class=\"wpcf7-list-item-label\">Autorizo el env\u00edo informaci\u00f3n y promociones que puedan ser de mi inter\u00e9s mediante los medios facilitados.<\/span><\/label><\/span><\/span><\/span>\n<input class=\"wpcf7-form-control wpcf7-submit has-spinner\" type=\"submit\" value=\"ENVIAR\" \/><div class=\"wpcf7-response-output\" aria-hidden=\"true\"><\/div>\n<\/form>\n<\/div>\n    <\/div>\n\t\t\t\t<\/div>\n\t\t\t\t<\/div>\n\t\t\t\t<\/div>\n\t\t<div class=\"elementor-element elementor-element-cb3465e e-con-full e-flex parallax_section_no qode_elementor_container_no e-con e-child\" data-id=\"cb3465e\" data-element_type=\"container\">\n\t\t\t\t<div class=\"elementor-element elementor-element-32db9e5 elementor-widget elementor-widget-qi_addons_for_elementor_section_title\" data-id=\"32db9e5\" data-element_type=\"widget\" data-widget_type=\"qi_addons_for_elementor_section_title.default\">\n\t\t\t\t<div class=\"elementor-widget-container\">\n\t\t\t\t\t<div class=\"qodef-shortcode qodef-m qodef-qi-section-title qodef-decoration--italic qodef-link--underline-draw qodef-subtitle-icon--left\">\n\t\t\t\t\t\t<h6 class=\"qodef-m-title\">\n\t\tOFFICES\t<\/h6>\n\t\t\t<div class=\"qodef-m-text\"><p>Calle Llu\u00eds Companys<\/p><p>1 Planta 5* puerta 1a<\/p><p>25003 L\u00e9rida<\/p><p><a href=\"mailto:administracion@aedesarrollo.com\">administracion@aedesarrollo.com<\/a><\/p><p><a href=\"https:\/\/www.linkedin.com\/company\/aedesarrollo\" target=\"_blank\" rel=\"noopener\"><img decoding=\"async\" class=\"alignnone wp-image-7210\" src=\"https:\/\/aedesarrollo.com\/wp-content\/uploads\/2025\/10\/linkedin-1.png\" alt=\"\" width=\"31\" height=\"31\" srcset=\"https:\/\/aedesarrollo.com\/wp-content\/uploads\/2025\/10\/linkedin-1.png 152w, https:\/\/aedesarrollo.com\/wp-content\/uploads\/2025\/10\/linkedin-1-150x150.png 150w\" sizes=\"(max-width: 31px) 100vw, 31px\" \/><\/a><\/p><\/div>\n\t<\/div>\n\t\t\t\t<\/div>\n\t\t\t\t<\/div>\n\t\t\t\t<\/div>\n\t\t\t\t<\/div>\n\t\t\t\t<\/div>\n\t\t","protected":false},"excerpt":{"rendered":"<p>CONTACT US CONTACT Mensaje Acepto la pol\u00edtica de protecci\u00f3n de datos y privacidad Autorizo el env\u00edo informaci\u00f3n y promociones que puedan ser de mi inter\u00e9s mediante los medios facilitados. OFFICES Calle Llu\u00eds Companys 1 Planta 5* puerta 1a 25003 L\u00e9rida administracion@aedesarrollo.com<\/p>\n","protected":false},"author":1,"featured_media":0,"parent":0,"menu_order":0,"comment_status":"closed","ping_status":"closed","template":"full_width.php","meta":{"content-type":"","footnotes":""},"class_list":["post-4659","page","type-page","status-publish","hentry"],"yoast_head":"<!-- This site is optimized with the Yoast SEO plugin v26.2 - https:\/\/yoast.com\/wordpress\/plugins\/seo\/ -->\n<title>Contact - AE Group<\/title>\n<meta name=\"description\" content=\"Contact us for information about our forages and agricultural products. We are located in various productive areas of Spain, ready to answer your questions and needs.\" \/>\n<meta name=\"robots\" content=\"index, follow, max-snippet:-1, max-image-preview:large, max-video-preview:-1\" \/>\n<link rel=\"canonical\" href=\"https:\/\/aedesarrollo.com\/en\/contact\/\" \/>\n<meta property=\"og:locale\" content=\"en_US\" \/>\n<meta property=\"og:type\" content=\"article\" \/>\n<meta property=\"og:title\" content=\"Contact - AE Group\" \/>\n<meta property=\"og:description\" content=\"Contact us for information about our forages and agricultural products. We are located in various productive areas of Spain, ready to answer your questions and needs.\" \/>\n<meta property=\"og:url\" content=\"https:\/\/aedesarrollo.com\/en\/contact\/\" \/>\n<meta property=\"og:site_name\" content=\"AE Group\" \/>\n<meta property=\"article:modified_time\" content=\"2025-10-29T12:43:39+00:00\" \/>\n<meta property=\"og:image\" content=\"https:\/\/aedesarrollo.com\/wp-content\/uploads\/2025\/10\/linkedin-1.png\" \/>\n\t<meta property=\"og:image:width\" content=\"152\" \/>\n\t<meta property=\"og:image:height\" content=\"153\" \/>\n\t<meta property=\"og:image:type\" content=\"image\/png\" \/>\n<meta name=\"twitter:card\" content=\"summary_large_image\" \/>\n<script type=\"application\/ld+json\" class=\"yoast-schema-graph\">{\"@context\":\"https:\/\/schema.org\",\"@graph\":[{\"@type\":\"WebPage\",\"@id\":\"https:\/\/aedesarrollo.com\/en\/contact\/\",\"url\":\"https:\/\/aedesarrollo.com\/en\/contact\/\",\"name\":\"Contact - AE Group\",\"isPartOf\":{\"@id\":\"https:\/\/aedesarrollo.com\/en\/#website\"},\"primaryImageOfPage\":{\"@id\":\"https:\/\/aedesarrollo.com\/en\/contact\/#primaryimage\"},\"image\":{\"@id\":\"https:\/\/aedesarrollo.com\/en\/contact\/#primaryimage\"},\"thumbnailUrl\":\"https:\/\/aedesarrollo.com\/wp-content\/uploads\/2025\/10\/linkedin-1.png\",\"datePublished\":\"2023-12-12T07:36:02+00:00\",\"dateModified\":\"2025-10-29T12:43:39+00:00\",\"description\":\"Contact us for information about our forages and agricultural products. We are located in various productive areas of Spain, ready to answer your questions and needs.\",\"breadcrumb\":{\"@id\":\"https:\/\/aedesarrollo.com\/en\/contact\/#breadcrumb\"},\"inLanguage\":\"en-US\",\"potentialAction\":[{\"@type\":\"ReadAction\",\"target\":[\"https:\/\/aedesarrollo.com\/en\/contact\/\"]}]},{\"@type\":\"ImageObject\",\"inLanguage\":\"en-US\",\"@id\":\"https:\/\/aedesarrollo.com\/en\/contact\/#primaryimage\",\"url\":\"https:\/\/aedesarrollo.com\/wp-content\/uploads\/2025\/10\/linkedin-1.png\",\"contentUrl\":\"https:\/\/aedesarrollo.com\/wp-content\/uploads\/2025\/10\/linkedin-1.png\"},{\"@type\":\"BreadcrumbList\",\"@id\":\"https:\/\/aedesarrollo.com\/en\/contact\/#breadcrumb\",\"itemListElement\":[{\"@type\":\"ListItem\",\"position\":1,\"name\":\"Portada\",\"item\":\"https:\/\/aedesarrollo.com\/en\/home\/\"},{\"@type\":\"ListItem\",\"position\":2,\"name\":\"Contact\"}]},{\"@type\":\"WebSite\",\"@id\":\"https:\/\/aedesarrollo.com\/en\/#website\",\"url\":\"https:\/\/aedesarrollo.com\/en\/\",\"name\":\"AE Group\",\"description\":\"Desarrollo y crecimiento\",\"publisher\":{\"@id\":\"https:\/\/aedesarrollo.com\/en\/#organization\"},\"potentialAction\":[{\"@type\":\"SearchAction\",\"target\":{\"@type\":\"EntryPoint\",\"urlTemplate\":\"https:\/\/aedesarrollo.com\/en\/?s={search_term_string}\"},\"query-input\":{\"@type\":\"PropertyValueSpecification\",\"valueRequired\":true,\"valueName\":\"search_term_string\"}}],\"inLanguage\":\"en-US\"},{\"@type\":\"Organization\",\"@id\":\"https:\/\/aedesarrollo.com\/en\/#organization\",\"name\":\"AE Group\",\"url\":\"https:\/\/aedesarrollo.com\/en\/\",\"logo\":{\"@type\":\"ImageObject\",\"inLanguage\":\"en-US\",\"@id\":\"https:\/\/aedesarrollo.com\/en\/#\/schema\/logo\/image\/\",\"url\":\"https:\/\/aedesarrollo.com\/wp-content\/uploads\/2024\/10\/ae-group-desarrollo-y-crecimiento-2.png\",\"contentUrl\":\"https:\/\/aedesarrollo.com\/wp-content\/uploads\/2024\/10\/ae-group-desarrollo-y-crecimiento-2.png\",\"width\":1200,\"height\":300,\"caption\":\"AE Group\"},\"image\":{\"@id\":\"https:\/\/aedesarrollo.com\/en\/#\/schema\/logo\/image\/\"}}]}<\/script>\n<!-- \/ Yoast SEO plugin. -->","yoast_head_json":{"title":"Contact - AE Group","description":"Contact us for information about our forages and agricultural products. We are located in various productive areas of Spain, ready to answer your questions and needs.","robots":{"index":"index","follow":"follow","max-snippet":"max-snippet:-1","max-image-preview":"max-image-preview:large","max-video-preview":"max-video-preview:-1"},"canonical":"https:\/\/aedesarrollo.com\/en\/contact\/","og_locale":"en_US","og_type":"article","og_title":"Contact - AE Group","og_description":"Contact us for information about our forages and agricultural products. We are located in various productive areas of Spain, ready to answer your questions and needs.","og_url":"https:\/\/aedesarrollo.com\/en\/contact\/","og_site_name":"AE Group","article_modified_time":"2025-10-29T12:43:39+00:00","og_image":[{"width":152,"height":153,"url":"https:\/\/aedesarrollo.com\/wp-content\/uploads\/2025\/10\/linkedin-1.png","type":"image\/png"}],"twitter_card":"summary_large_image","schema":{"@context":"https:\/\/schema.org","@graph":[{"@type":"WebPage","@id":"https:\/\/aedesarrollo.com\/en\/contact\/","url":"https:\/\/aedesarrollo.com\/en\/contact\/","name":"Contact - AE Group","isPartOf":{"@id":"https:\/\/aedesarrollo.com\/en\/#website"},"primaryImageOfPage":{"@id":"https:\/\/aedesarrollo.com\/en\/contact\/#primaryimage"},"image":{"@id":"https:\/\/aedesarrollo.com\/en\/contact\/#primaryimage"},"thumbnailUrl":"https:\/\/aedesarrollo.com\/wp-content\/uploads\/2025\/10\/linkedin-1.png","datePublished":"2023-12-12T07:36:02+00:00","dateModified":"2025-10-29T12:43:39+00:00","description":"Contact us for information about our forages and agricultural products. We are located in various productive areas of Spain, ready to answer your questions and needs.","breadcrumb":{"@id":"https:\/\/aedesarrollo.com\/en\/contact\/#breadcrumb"},"inLanguage":"en-US","potentialAction":[{"@type":"ReadAction","target":["https:\/\/aedesarrollo.com\/en\/contact\/"]}]},{"@type":"ImageObject","inLanguage":"en-US","@id":"https:\/\/aedesarrollo.com\/en\/contact\/#primaryimage","url":"https:\/\/aedesarrollo.com\/wp-content\/uploads\/2025\/10\/linkedin-1.png","contentUrl":"https:\/\/aedesarrollo.com\/wp-content\/uploads\/2025\/10\/linkedin-1.png"},{"@type":"BreadcrumbList","@id":"https:\/\/aedesarrollo.com\/en\/contact\/#breadcrumb","itemListElement":[{"@type":"ListItem","position":1,"name":"Portada","item":"https:\/\/aedesarrollo.com\/en\/home\/"},{"@type":"ListItem","position":2,"name":"Contact"}]},{"@type":"WebSite","@id":"https:\/\/aedesarrollo.com\/en\/#website","url":"https:\/\/aedesarrollo.com\/en\/","name":"AE Group","description":"Desarrollo y crecimiento","publisher":{"@id":"https:\/\/aedesarrollo.com\/en\/#organization"},"potentialAction":[{"@type":"SearchAction","target":{"@type":"EntryPoint","urlTemplate":"https:\/\/aedesarrollo.com\/en\/?s={search_term_string}"},"query-input":{"@type":"PropertyValueSpecification","valueRequired":true,"valueName":"search_term_string"}}],"inLanguage":"en-US"},{"@type":"Organization","@id":"https:\/\/aedesarrollo.com\/en\/#organization","name":"AE Group","url":"https:\/\/aedesarrollo.com\/en\/","logo":{"@type":"ImageObject","inLanguage":"en-US","@id":"https:\/\/aedesarrollo.com\/en\/#\/schema\/logo\/image\/","url":"https:\/\/aedesarrollo.com\/wp-content\/uploads\/2024\/10\/ae-group-desarrollo-y-crecimiento-2.png","contentUrl":"https:\/\/aedesarrollo.com\/wp-content\/uploads\/2024\/10\/ae-group-desarrollo-y-crecimiento-2.png","width":1200,"height":300,"caption":"AE Group"},"image":{"@id":"https:\/\/aedesarrollo.com\/en\/#\/schema\/logo\/image\/"}}]}},"_links":{"self":[{"href":"https:\/\/aedesarrollo.com\/en\/wp-json\/wp\/v2\/pages\/4659","targetHints":{"allow":["GET"]}}],"collection":[{"href":"https:\/\/aedesarrollo.com\/en\/wp-json\/wp\/v2\/pages"}],"about":[{"href":"https:\/\/aedesarrollo.com\/en\/wp-json\/wp\/v2\/types\/page"}],"author":[{"embeddable":true,"href":"https:\/\/aedesarrollo.com\/en\/wp-json\/wp\/v2\/users\/1"}],"replies":[{"embeddable":true,"href":"https:\/\/aedesarrollo.com\/en\/wp-json\/wp\/v2\/comments?post=4659"}],"version-history":[{"count":4,"href":"https:\/\/aedesarrollo.com\/en\/wp-json\/wp\/v2\/pages\/4659\/revisions"}],"predecessor-version":[{"id":7384,"href":"https:\/\/aedesarrollo.com\/en\/wp-json\/wp\/v2\/pages\/4659\/revisions\/7384"}],"wp:attachment":[{"href":"https:\/\/aedesarrollo.com\/en\/wp-json\/wp\/v2\/media?parent=4659"}],"curies":[{"name":"wp","href":"https:\/\/api.w.org\/{rel}","templated":true}]}}